{"id":88,"date":"2022-11-27T22:18:09","date_gmt":"2022-11-27T21:18:09","guid":{"rendered":"http:\/\/www.simonesimon.com\/portfolio\/?page_id=88"},"modified":"2025-01-08T15:06:18","modified_gmt":"2025-01-08T14:06:18","slug":"mode","status":"publish","type":"page","link":"https:\/\/www.simonesimon.com\/portfolio\/mode\/","title":{"rendered":"Mode"},"content":{"rendered":"\n<p>Photographe de m\u00e9tier, Simone Simon a travaill\u00e9 dans la mode de 1980 \u00e0 2000. <\/p>\n","protected":false},"excerpt":{"rendered":"<p>Photographe de m\u00e9tier, Simone Simon a travaill\u00e9 dans la mode de 1980 \u00e0 2000.<\/p>\n","protected":false},"author":1,"featured_media":0,"parent":0,"menu_order":0,"comment_status":"closed","ping_status":"closed","template":"page-shortcode.php","meta":{"iawp_total_views":39},"_links":{"self":[{"href":"https:\/\/www.simonesimon.com\/portfolio\/wp-json\/wp\/v2\/pages\/88"}],"collection":[{"href":"https:\/\/www.simonesimon.com\/portfolio\/wp-json\/wp\/v2\/pages"}],"about":[{"href":"https:\/\/www.simonesimon.com\/portfolio\/wp-json\/wp\/v2\/types\/page"}],"author":[{"embeddable":true,"href":"https:\/\/www.simonesimon.com\/portfolio\/wp-json\/wp\/v2\/users\/1"}],"replies":[{"embeddable":true,"href":"https:\/\/www.simonesimon.com\/portfolio\/wp-json\/wp\/v2\/comments?post=88"}],"version-history":[{"count":4,"href":"https:\/\/www.simonesimon.com\/portfolio\/wp-json\/wp\/v2\/pages\/88\/revisions"}],"predecessor-version":[{"id":2248,"href":"https:\/\/www.simonesimon.com\/portfolio\/wp-json\/wp\/v2\/pages\/88\/revisions\/2248"}],"wp:attachment":[{"href":"https:\/\/www.simonesimon.com\/portfolio\/wp-json\/wp\/v2\/media?parent=88"}],"curies":[{"name":"wp","href":"https:\/\/api.w.org\/{rel}","templated":true}]}}