{"id":27,"date":"2022-11-25T20:55:13","date_gmt":"2022-11-25T19:55:13","guid":{"rendered":"http:\/\/www.simonesimon.com\/portfolio\/?page_id=27"},"modified":"2025-04-22T19:42:33","modified_gmt":"2025-04-22T17:42:33","slug":"publications","status":"publish","type":"page","link":"https:\/\/www.simonesimon.com\/portfolio\/publications\/","title":{"rendered":"Publications"},"content":{"rendered":"\n<div class=\"is-layout-flex wp-container-3 wp-block-columns alignwide\">\n<div class=\"is-layout-flow wp-block-column\"><div class=\"wp-block-image\">\n<figure class=\"alignleft size-full\"><img decoding=\"async\" loading=\"lazy\" width=\"300\" height=\"279\" src=\"http:\/\/www.simonesimon.com\/portfolio\/wp-content\/uploads\/2022\/11\/livrenubis-300x279-1.jpg\" alt=\"\" class=\"wp-image-45\"\/><\/figure><\/div>\n\n\n<p style=\"font-size:14px\"><\/p>\n\n\n\n<p><\/p>\n<\/div>\n\n\n\n<div class=\"is-layout-flow wp-block-column\">\n<p style=\"font-size:14px\"><strong>NU<\/strong> \u00e9ditions Eva Vautier, 2019<br>Pr\u00e9face de David Le Breton<br>Texte de Chiara Palermo<br>L\u2019\u00e9dition num\u00e9rot\u00e9e comprend les photographies de 26 femmes et de leur cadre de vie intime, ainsi que leurs t\u00e9moignages retranscrits. La pr\u00e9face, Des femmes rieuses, est sign\u00e9e par le sociologue et anthropologue David Le Breton. L\u2019ouvrage est enrichi d\u2019un texte de la philosophe et commissaire d\u2019exposition, Chiara Palermo&nbsp;: Du d\u00e9voilement de soi et les territoires de l\u2019intime.<br><strong>En vente \u00e0 la galerie Eva Vautier &#8211; Prix 35 \u20ac + frais de port<\/strong><br><strong>Voir un extrait<\/strong> (fran\u00e7ais)<br><strong>Lien vers l&rsquo;exposition<\/strong><\/p>\n<\/div>\n<\/div>\n\n\n\n<div class=\"is-layout-flex wp-container-6 wp-block-columns alignwide\">\n<div class=\"is-layout-flow wp-block-column\" style=\"flex-basis:66.66%\">\n<p style=\"font-size:14px\"><strong>Extrait<\/strong><\/p>\n\n\n\n<p><code>[dflip id=\"161\"][\/dflip]<\/code><\/p>\n<\/div>\n\n\n\n<div class=\"is-layout-flow wp-block-column\" style=\"flex-basis:33.33%\"><\/div>\n<\/div>\n\n\n\n<p style=\"font-size:14px\"><\/p>\n\n\n\n<div style=\"height:40px\" aria-hidden=\"true\" class=\"wp-block-spacer\"><\/div>\n\n\n\n<div class=\"is-layout-flex wp-container-9 wp-block-columns alignwide\">\n<div class=\"is-layout-flow wp-block-column\" style=\"font-size:14px\">\n<p style=\"font-size:14px\"><em><strong>David Le Breton<\/strong> est professeur de sociologie \u00e0 l\u2019universit\u00e9 de Strasbourg, membre de l\u2019Institut universitaire de France et chercheur au laboratoire Cultures et soci\u00e9t\u00e9s en Europe. Il se sp\u00e9cialise dans les repr\u00e9sentations et les mises en jeu du corps humain et axe ses recherches sur les conduites \u00e0 risques \u2014 jeu symbolique ou r\u00e9el avec la mort, mise en jeu de soi dont l\u2019enjeu n\u2019est pas de mourir mais de vivre plus. Il s\u2019est int\u00e9ress\u00e9 au silence, \u00e0 la marche, \u00e0 la douleur \u2014 analysant la relation que l\u2019homme entretient avec la douleur tout en le situant dans la trame sociale et culturelle qui le baigne. \u00c0 travers ces sujets, David Le Breton m\u00e8ne une r\u00e9flexion sur la sociologie du corps et la dimension symbolique de la relation que l\u2019\u00eatre humain entretient avec son corps. Pour lui, \u00ab quand le monde nous \u00e9chappe, il reste le corps \u00bb. Il est notamment l\u2019auteur de Anthropologie du corps et modernit\u00e9 (PUF), La sociologie du corps (Que sais-je ?), Dispara\u00eetre de soi. Une tentation contemporaine (M\u00e9taili\u00e9) et derni\u00e8rement : Rire. Une anthropologie du rieur (M\u00e9taili\u00e9)<\/em><\/p>\n\n\n\n<p><\/p>\n<\/div>\n\n\n\n<div class=\"is-layout-flow wp-block-column\" style=\"font-size:14px\">\n<p style=\"font-size:14px\"><em><strong>Chiara Palermo<\/strong> est commissaire d\u2019exposition et docteur en philosophie. Elle enseigne depuis 2014 \u00e0 l\u2019Universit\u00e9 de Grenoble et depuis 2017 \u00e0 l\u2019Universit\u00e9 de Strasbourg. Sa r\u00e9flexion int\u00e9resse l\u2019h\u00e9ritage de la pens\u00e9e de Merleau- Ponty dans l\u2019expression artistique contemporaine. Elle est l\u2019auteure d\u2019articles divers dans le domaine de l\u2019esth\u00e9tique et d\u2019une monographie sur le cubisme de Picasso, en cours de publication. Elle a particip\u00e9 \u00e0 une monographie consacr\u00e9e \u00e0 Kader Attia, Prix Marcel Duchamp 2016, \u00e0 l\u2019occasion de l\u2019exposition, Les racines poussent aussi dans le b\u00e9ton, avril-septembre 2018 au Mac Val \u00e0 Vitry-sur-Seine.<\/em><\/p>\n<\/div>\n<\/div>\n\n\n\n<hr class=\"wp-block-separator has-alpha-channel-opacity\"\/>\n\n\n\n<div class=\"is-layout-flex wp-container-12 wp-block-columns alignwide\">\n<div class=\"is-layout-flow wp-block-column\">\n<figure class=\"wp-block-image size-full\"><img decoding=\"async\" loading=\"lazy\" width=\"300\" height=\"254\" src=\"http:\/\/www.simonesimon.com\/portfolio\/wp-content\/uploads\/2022\/11\/livrerenard.jpg\" alt=\"\" class=\"wp-image-144\"\/><\/figure>\n<\/div>\n\n\n\n<div class=\"is-layout-flow wp-block-column\">\n<p style=\"font-size:14px\"><br><strong>NE REGARDEZ PAS LE RENARD PASSER<\/strong> \u00e9dition d\u2019artiste tir\u00e9 \u00e0 100 ex.<br>Le coffret rassemblant les 87 r\u00e9cits, 6 illustrations et une cl\u00e9 Usb qui contient les enregistrements de l\u2019installation, est en 5 exemplaires.<br>En vente \u00e0 la galerie Eva vautier<br><\/p>\n<\/div>\n<\/div>\n\n\n\n<p style=\"font-size:14px\"><\/p>\n\n\n\n<div class=\"is-layout-flex wp-container-15 wp-block-columns alignwide\">\n<div class=\"is-layout-flow wp-block-column\" style=\"flex-basis:66.66%\">\n<p style=\"font-size:14px\"><strong>Extrait<\/strong><\/p>\n\n\n\n<p><code>[dflip id=\"140\"][\/dflip]<\/code><\/p>\n<\/div>\n\n\n\n<div class=\"is-layout-flow wp-block-column\" style=\"flex-basis:33.33%\"><\/div>\n<\/div>\n\n\n\n<hr class=\"wp-block-separator has-alpha-channel-opacity\"\/>\n\n\n\n<div class=\"is-layout-flex wp-container-18 wp-block-columns alignwide\">\n<div class=\"is-layout-flow wp-block-column\"><div class=\"wp-block-image\">\n<figure class=\"alignleft size-full\"><img decoding=\"async\" loading=\"lazy\" width=\"300\" height=\"280\" src=\"http:\/\/www.simonesimon.com\/portfolio\/wp-content\/uploads\/2022\/11\/livreportes.jpg\" alt=\"\" class=\"wp-image-156\"\/><\/figure><\/div><\/div>\n\n\n\n<div class=\"is-layout-flow wp-block-column\">\n<p style=\"font-size:14px\"><strong>\u00ab\u00a0LES PORTES DU SAINT-PIERRE\u00a0\u00bb<\/strong><br>Livre de photographies paru aux \u00e9ditions Le Passager Clandestin<br><a rel=\"noreferrer noopener\" href=\"http:\/\/www.lepassagerclandestin.fr\" target=\"_blank\">www.lepassagerclandestin.fr<\/a><br>Archiv\u00e9 au Mus\u00e9e national de l&rsquo;histoire de l&rsquo;immigration, Paris<br><a rel=\"noreferrer noopener\" href=\"http:\/\/www.histoire-immigration.fr\" target=\"_blank\">www.histoire-immigration.fr<\/a><br><strong>Lien Les portes du Saint-Pierre<\/strong><\/p>\n<\/div>\n<\/div>\n\n\n\n<hr class=\"wp-block-separator has-alpha-channel-opacity\"\/>\n\n\n\n<div class=\"is-layout-flex wp-container-21 wp-block-columns alignwide\">\n<div class=\"is-layout-flow wp-block-column\"><div class=\"wp-block-image\">\n<figure class=\"alignleft size-full\"><img decoding=\"async\" loading=\"lazy\" width=\"264\" height=\"300\" src=\"http:\/\/www.simonesimon.com\/portfolio\/wp-content\/uploads\/2022\/11\/couvnostalgie.jpg\" alt=\"\" class=\"wp-image-158\"\/><\/figure><\/div><\/div>\n\n\n\n<div class=\"is-layout-flow wp-block-column\">\n<p style=\"font-size:14px\"><strong>\u00ab\u00a0NOSTALGIE DU PRESENT\u00a0\u00bb<\/strong><br>publi\u00e9 aux \u00e9ditions E-DITE, Paris<br><strong>Lien Nostagie du pr\u00e9sent<\/strong><\/p>\n<\/div>\n<\/div>\n","protected":false},"excerpt":{"rendered":"<p>NU \u00e9ditions Eva Vautier, 2019Pr\u00e9face de David Le BretonTexte de Chiara PalermoL\u2019\u00e9dition num\u00e9rot\u00e9e comprend les photographies de 26 femmes et de leur cadre de vie intime, ainsi que leurs t\u00e9moignages retranscrits. La pr\u00e9face, Des femmes rieuses, est sign\u00e9e par le sociologue et anthropologue David Le Breton. L\u2019ouvrage est enrichi d\u2019un texte de la philosophe et &hellip; <a href=\"https:\/\/www.simonesimon.com\/portfolio\/publications\/\" class=\"more-link\"><\/a><\/p>\n","protected":false},"author":1,"featured_media":0,"parent":0,"menu_order":0,"comment_status":"closed","ping_status":"closed","template":"page-shortcode.php","meta":{"iawp_total_views":132},"_links":{"self":[{"href":"https:\/\/www.simonesimon.com\/portfolio\/wp-json\/wp\/v2\/pages\/27"}],"collection":[{"href":"https:\/\/www.simonesimon.com\/portfolio\/wp-json\/wp\/v2\/pages"}],"about":[{"href":"https:\/\/www.simonesimon.com\/portfolio\/wp-json\/wp\/v2\/types\/page"}],"author":[{"embeddable":true,"href":"https:\/\/www.simonesimon.com\/portfolio\/wp-json\/wp\/v2\/users\/1"}],"replies":[{"embeddable":true,"href":"https:\/\/www.simonesimon.com\/portfolio\/wp-json\/wp\/v2\/comments?post=27"}],"version-history":[{"count":24,"href":"https:\/\/www.simonesimon.com\/portfolio\/wp-json\/wp\/v2\/pages\/27\/revisions"}],"predecessor-version":[{"id":435,"href":"https:\/\/www.simonesimon.com\/portfolio\/wp-json\/wp\/v2\/pages\/27\/revisions\/435"}],"wp:attachment":[{"href":"https:\/\/www.simonesimon.com\/portfolio\/wp-json\/wp\/v2\/media?parent=27"}],"curies":[{"name":"wp","href":"https:\/\/api.w.org\/{rel}","templated":true}]}}