{"id":256,"date":"2022-11-28T01:34:37","date_gmt":"2022-11-28T00:34:37","guid":{"rendered":"http:\/\/www.simonesimon.com\/portfolio\/?page_id=256"},"modified":"2025-01-08T15:04:09","modified_gmt":"2025-01-08T14:04:09","slug":"corps-voix-territoires-de-lintime","status":"publish","type":"page","link":"https:\/\/www.simonesimon.com\/portfolio\/corps-voix-territoires-de-lintime\/","title":{"rendered":"Corps \/ Voix Territoires de l&rsquo;intime"},"content":{"rendered":"\n<figure class=\"wp-block-image alignwide size-full\"><img decoding=\"async\" loading=\"lazy\" width=\"843\" height=\"600\" src=\"http:\/\/www.simonesimon.com\/portfolio\/wp-content\/uploads\/2022\/11\/1-3.jpg\" alt=\"\" class=\"wp-image-257\" srcset=\"https:\/\/www.simonesimon.com\/portfolio\/wp-content\/uploads\/2022\/11\/1-3.jpg 843w, https:\/\/www.simonesimon.com\/portfolio\/wp-content\/uploads\/2022\/11\/1-3-300x214.jpg 300w, https:\/\/www.simonesimon.com\/portfolio\/wp-content\/uploads\/2022\/11\/1-3-768x547.jpg 768w\" sizes=\"(max-width: 843px) 100vw, 843px\" \/><figcaption class=\"wp-element-caption\"><strong>Exposition en 2019 \u00e0 la Galerie Eva Vautier, Nice<\/strong><\/figcaption><\/figure>\n\n\n\n<figure class=\"wp-block-image alignwide size-full\"><img decoding=\"async\" loading=\"lazy\" width=\"886\" height=\"600\" src=\"http:\/\/www.simonesimon.com\/portfolio\/wp-content\/uploads\/2022\/11\/2-3.jpg\" alt=\"\" class=\"wp-image-258\" srcset=\"https:\/\/www.simonesimon.com\/portfolio\/wp-content\/uploads\/2022\/11\/2-3.jpg 886w, https:\/\/www.simonesimon.com\/portfolio\/wp-content\/uploads\/2022\/11\/2-3-300x203.jpg 300w, https:\/\/www.simonesimon.com\/portfolio\/wp-content\/uploads\/2022\/11\/2-3-768x520.jpg 768w\" sizes=\"(max-width: 886px) 100vw, 886px\" \/><\/figure>\n\n\n\n<h5 class=\"wp-block-heading\">Quels sont les rapports que vous entretenez avec votre corps ?<\/h5>\n\n\n\n<p style=\"font-size:14px\">Donner la parole aux femmes afin qu\u2019elles s\u2019expriment sur leur v\u00e9cu au travers de leur corps est l\u2019id\u00e9e ma\u00eetresse de ce travail. Certaines des libert\u00e9s acquises au cours des d\u00e9cennies pr\u00e9c\u00e9dentes sont remises en cause, un vent de puritanisme et de sexisme souffle toujours. L\u2019\u00e9galit\u00e9 entre les hommes et les femmes reste une utopie. Les femmes qui participent \u00e0 mon projet font preuve de courage et de militantisme, elles questionnent les diktats sociaux, cultuels, esth\u00e9tiques et se montrent telles qu\u2019elles sont, sans sophistication. Elles acceptent de poser nues et pour la plupart, c\u2019est la premi\u00e8re fois. Par cette action, elles revendiquent la libert\u00e9 de disposer de leur corps comme elles l\u2019entendent, elles prennent position. Elles sont de tous les \u00e2ges, d\u2019origines et de milieux diff\u00e9rents. Chacune de ces femmes m\u2019a accueillie chez elle. Les photographies, prises en lumi\u00e8re naturelle, r\u00e9v\u00e8lent \u00e0 la fois la nudit\u00e9 des corps et l\u2019intimit\u00e9 d\u2019un int\u00e9rieur, d\u2019un cadre de vie. Leurs t\u00e9moignages, recueillis apr\u00e8s chaque s\u00e9ance photo, se rejoignent sur beaucoup de points, ils r\u00e9sument le climat dans lequel nous vivons et mettent l\u2019accent sur les transformations du corps, souhait\u00e9es ou subies.<br>Simone Simon<\/p>\n\n\n\n<div class=\"is-layout-flex wp-container-3 wp-block-columns alignwide\">\n<div class=\"is-layout-flow wp-block-column\"><div class=\"wp-block-image\">\n<figure class=\"alignleft size-full\"><img decoding=\"async\" loading=\"lazy\" width=\"900\" height=\"600\" src=\"http:\/\/www.simonesimon.com\/portfolio\/wp-content\/uploads\/2022\/11\/3-3.jpg\" alt=\"\" class=\"wp-image-259\" srcset=\"https:\/\/www.simonesimon.com\/portfolio\/wp-content\/uploads\/2022\/11\/3-3.jpg 900w, https:\/\/www.simonesimon.com\/portfolio\/wp-content\/uploads\/2022\/11\/3-3-300x200.jpg 300w, https:\/\/www.simonesimon.com\/portfolio\/wp-content\/uploads\/2022\/11\/3-3-768x512.jpg 768w\" sizes=\"(max-width: 900px) 100vw, 900px\" \/><figcaption class=\"wp-element-caption\">Val\u00e9rie<\/figcaption><\/figure><\/div><\/div>\n\n\n\n<div class=\"is-layout-flow wp-block-column\"><div class=\"wp-block-image\">\n<figure class=\"alignright size-full\"><img decoding=\"async\" loading=\"lazy\" width=\"883\" height=\"600\" src=\"http:\/\/www.simonesimon.com\/portfolio\/wp-content\/uploads\/2022\/11\/4-2.jpg\" alt=\"\" class=\"wp-image-260\" srcset=\"https:\/\/www.simonesimon.com\/portfolio\/wp-content\/uploads\/2022\/11\/4-2.jpg 883w, https:\/\/www.simonesimon.com\/portfolio\/wp-content\/uploads\/2022\/11\/4-2-300x204.jpg 300w, https:\/\/www.simonesimon.com\/portfolio\/wp-content\/uploads\/2022\/11\/4-2-768x522.jpg 768w\" sizes=\"(max-width: 883px) 100vw, 883px\" \/><\/figure><\/div><\/div>\n<\/div>\n\n\n\n<div class=\"is-layout-flex wp-container-6 wp-block-columns alignwide\">\n<div class=\"is-layout-flow wp-block-column\"><div class=\"wp-block-image\">\n<figure class=\"alignleft size-full\"><img decoding=\"async\" loading=\"lazy\" width=\"870\" height=\"600\" src=\"http:\/\/www.simonesimon.com\/portfolio\/wp-content\/uploads\/2022\/11\/0791-copie.png\" alt=\"\" class=\"wp-image-261\" srcset=\"https:\/\/www.simonesimon.com\/portfolio\/wp-content\/uploads\/2022\/11\/0791-copie.png 870w, https:\/\/www.simonesimon.com\/portfolio\/wp-content\/uploads\/2022\/11\/0791-copie-300x207.png 300w, https:\/\/www.simonesimon.com\/portfolio\/wp-content\/uploads\/2022\/11\/0791-copie-768x530.png 768w\" sizes=\"(max-width: 870px) 100vw, 870px\" \/><\/figure><\/div><\/div>\n\n\n\n<div class=\"is-layout-flow wp-block-column\"><div class=\"wp-block-image\">\n<figure class=\"alignright size-full\"><img decoding=\"async\" loading=\"lazy\" width=\"886\" height=\"600\" src=\"http:\/\/www.simonesimon.com\/portfolio\/wp-content\/uploads\/2022\/11\/9671-copie.png\" alt=\"\" class=\"wp-image-262\" srcset=\"https:\/\/www.simonesimon.com\/portfolio\/wp-content\/uploads\/2022\/11\/9671-copie.png 886w, https:\/\/www.simonesimon.com\/portfolio\/wp-content\/uploads\/2022\/11\/9671-copie-300x203.png 300w, https:\/\/www.simonesimon.com\/portfolio\/wp-content\/uploads\/2022\/11\/9671-copie-768x520.png 768w\" sizes=\"(max-width: 886px) 100vw, 886px\" \/><\/figure><\/div><\/div>\n<\/div>\n\n\n\n<div class=\"is-layout-flex wp-container-9 wp-block-columns alignwide\">\n<div class=\"is-layout-flow wp-block-column\"><div class=\"wp-block-image\">\n<figure class=\"alignleft size-full\"><img decoding=\"async\" loading=\"lazy\" width=\"900\" height=\"600\" src=\"http:\/\/www.simonesimon.com\/portfolio\/wp-content\/uploads\/2022\/11\/2338-copie.png\" alt=\"\" class=\"wp-image-263\" srcset=\"https:\/\/www.simonesimon.com\/portfolio\/wp-content\/uploads\/2022\/11\/2338-copie.png 900w, https:\/\/www.simonesimon.com\/portfolio\/wp-content\/uploads\/2022\/11\/2338-copie-300x200.png 300w, https:\/\/www.simonesimon.com\/portfolio\/wp-content\/uploads\/2022\/11\/2338-copie-768x512.png 768w\" sizes=\"(max-width: 900px) 100vw, 900px\" \/><\/figure><\/div><\/div>\n\n\n\n<div class=\"is-layout-flow wp-block-column\"><div class=\"wp-block-image\">\n<figure class=\"alignright size-full\"><img decoding=\"async\" loading=\"lazy\" width=\"900\" height=\"600\" src=\"http:\/\/www.simonesimon.com\/portfolio\/wp-content\/uploads\/2022\/11\/2365-copie.png\" alt=\"\" class=\"wp-image-264\" srcset=\"https:\/\/www.simonesimon.com\/portfolio\/wp-content\/uploads\/2022\/11\/2365-copie.png 900w, https:\/\/www.simonesimon.com\/portfolio\/wp-content\/uploads\/2022\/11\/2365-copie-300x200.png 300w, https:\/\/www.simonesimon.com\/portfolio\/wp-content\/uploads\/2022\/11\/2365-copie-768x512.png 768w\" sizes=\"(max-width: 900px) 100vw, 900px\" \/><\/figure><\/div><\/div>\n<\/div>\n\n\n\n<div class=\"is-layout-flex wp-container-12 wp-block-columns alignwide\">\n<div class=\"is-layout-flow wp-block-column\"><div class=\"wp-block-image\">\n<figure class=\"alignleft size-full\"><img decoding=\"async\" loading=\"lazy\" width=\"883\" height=\"600\" src=\"http:\/\/www.simonesimon.com\/portfolio\/wp-content\/uploads\/2022\/11\/Christine-IMG_9898.png\" alt=\"\" class=\"wp-image-265\" srcset=\"https:\/\/www.simonesimon.com\/portfolio\/wp-content\/uploads\/2022\/11\/Christine-IMG_9898.png 883w, https:\/\/www.simonesimon.com\/portfolio\/wp-content\/uploads\/2022\/11\/Christine-IMG_9898-300x204.png 300w, https:\/\/www.simonesimon.com\/portfolio\/wp-content\/uploads\/2022\/11\/Christine-IMG_9898-768x522.png 768w\" sizes=\"(max-width: 883px) 100vw, 883px\" \/><\/figure><\/div><\/div>\n\n\n\n<div class=\"is-layout-flow wp-block-column\"><div class=\"wp-block-image\">\n<figure class=\"alignright size-full\"><img decoding=\"async\" loading=\"lazy\" width=\"846\" height=\"600\" src=\"http:\/\/www.simonesimon.com\/portfolio\/wp-content\/uploads\/2022\/11\/9850.png\" alt=\"\" class=\"wp-image-266\" srcset=\"https:\/\/www.simonesimon.com\/portfolio\/wp-content\/uploads\/2022\/11\/9850.png 846w, https:\/\/www.simonesimon.com\/portfolio\/wp-content\/uploads\/2022\/11\/9850-300x213.png 300w, https:\/\/www.simonesimon.com\/portfolio\/wp-content\/uploads\/2022\/11\/9850-768x545.png 768w\" sizes=\"(max-width: 846px) 100vw, 846px\" \/><\/figure><\/div><\/div>\n<\/div>\n\n\n\n<div class=\"is-layout-flex wp-container-15 wp-block-columns alignwide\">\n<div class=\"is-layout-flow wp-block-column\"><div class=\"wp-block-image\">\n<figure class=\"alignleft size-full\"><img decoding=\"async\" loading=\"lazy\" width=\"465\" height=\"600\" src=\"http:\/\/www.simonesimon.com\/portfolio\/wp-content\/uploads\/2022\/11\/2665-copie.png\" alt=\"\" class=\"wp-image-267\" srcset=\"https:\/\/www.simonesimon.com\/portfolio\/wp-content\/uploads\/2022\/11\/2665-copie.png 465w, https:\/\/www.simonesimon.com\/portfolio\/wp-content\/uploads\/2022\/11\/2665-copie-233x300.png 233w\" sizes=\"(max-width: 465px) 100vw, 465px\" \/><\/figure><\/div><\/div>\n\n\n\n<div class=\"is-layout-flow wp-block-column\"><div class=\"wp-block-image\">\n<figure class=\"alignright size-full\"><img decoding=\"async\" src=\"http:\/\/www.simonesimon.com\/portfolio\/wp-content\/uploads\/2022\/11\/1IDYLLE.png\" alt=\"\" class=\"wp-image-268\"\/><\/figure><\/div><\/div>\n<\/div>\n\n\n\n<hr class=\"wp-block-separator has-alpha-channel-opacity\"\/>\n\n\n\n<div class=\"is-layout-flex wp-container-18 wp-block-columns\">\n<div class=\"is-layout-flow wp-block-column\"><div class=\"wp-block-image\">\n<figure class=\"alignleft size-full\"><img decoding=\"async\" loading=\"lazy\" width=\"450\" height=\"418\" src=\"http:\/\/www.simonesimon.com\/portfolio\/wp-content\/uploads\/2022\/11\/livrenubis.jpg\" alt=\"\" class=\"wp-image-272\" srcset=\"https:\/\/www.simonesimon.com\/portfolio\/wp-content\/uploads\/2022\/11\/livrenubis.jpg 450w, https:\/\/www.simonesimon.com\/portfolio\/wp-content\/uploads\/2022\/11\/livrenubis-300x279.jpg 300w\" sizes=\"(max-width: 450px) 100vw, 450px\" \/><figcaption class=\"wp-element-caption\"><strong><a href=\"http:\/\/www.simonesimon.com\/portfolio\/publications\/\" target=\"_blank\" rel=\"noreferrer noopener\">Voir l&rsquo;\u00e9dition<\/a><\/strong><\/figcaption><\/figure><\/div><\/div>\n\n\n\n<div class=\"is-layout-flow wp-block-column\"><\/div>\n<\/div>\n","protected":false},"excerpt":{"rendered":"<p>Quels sont les rapports que vous entretenez avec votre corps ? Donner la parole aux femmes afin qu\u2019elles s\u2019expriment sur leur v\u00e9cu au travers de leur corps est l\u2019id\u00e9e ma\u00eetresse de ce travail. Certaines des libert\u00e9s acquises au cours des d\u00e9cennies pr\u00e9c\u00e9dentes sont remises en cause, un vent de puritanisme et de sexisme souffle toujours. &hellip; <a href=\"https:\/\/www.simonesimon.com\/portfolio\/corps-voix-territoires-de-lintime\/\" class=\"more-link\"><\/a><\/p>\n","protected":false},"author":1,"featured_media":0,"parent":0,"menu_order":0,"comment_status":"closed","ping_status":"closed","template":"page-shortcode.php","meta":{"iawp_total_views":73},"_links":{"self":[{"href":"https:\/\/www.simonesimon.com\/portfolio\/wp-json\/wp\/v2\/pages\/256"}],"collection":[{"href":"https:\/\/www.simonesimon.com\/portfolio\/wp-json\/wp\/v2\/pages"}],"about":[{"href":"https:\/\/www.simonesimon.com\/portfolio\/wp-json\/wp\/v2\/types\/page"}],"author":[{"embeddable":true,"href":"https:\/\/www.simonesimon.com\/portfolio\/wp-json\/wp\/v2\/users\/1"}],"replies":[{"embeddable":true,"href":"https:\/\/www.simonesimon.com\/portfolio\/wp-json\/wp\/v2\/comments?post=256"}],"version-history":[{"count":6,"href":"https:\/\/www.simonesimon.com\/portfolio\/wp-json\/wp\/v2\/pages\/256\/revisions"}],"predecessor-version":[{"id":2610,"href":"https:\/\/www.simonesimon.com\/portfolio\/wp-json\/wp\/v2\/pages\/256\/revisions\/2610"}],"wp:attachment":[{"href":"https:\/\/www.simonesimon.com\/portfolio\/wp-json\/wp\/v2\/media?parent=256"}],"curies":[{"name":"wp","href":"https:\/\/api.w.org\/{rel}","templated":true}]}}