{"id":247,"date":"2022-11-28T01:19:34","date_gmt":"2022-11-28T00:19:34","guid":{"rendered":"http:\/\/www.simonesimon.com\/portfolio\/?page_id=247"},"modified":"2025-01-08T15:11:06","modified_gmt":"2025-01-08T14:11:06","slug":"voyages-immobiles","status":"publish","type":"page","link":"https:\/\/www.simonesimon.com\/portfolio\/voyages-immobiles\/","title":{"rendered":"Voyages immobiles"},"content":{"rendered":"\n<div class=\"is-layout-flex wp-container-3 wp-block-columns alignwide\">\n<div class=\"is-layout-flow wp-block-column\"><div class=\"wp-block-image\">\n<figure class=\"alignleft size-full\"><img decoding=\"async\" loading=\"lazy\" width=\"300\" height=\"200\" src=\"http:\/\/www.simonesimon.com\/portfolio\/wp-content\/uploads\/2022\/11\/vueexpovoyageimmobile.jpg\" alt=\"\" class=\"wp-image-248\"\/><\/figure><\/div><\/div>\n\n\n\n<div class=\"is-layout-flow wp-block-column\">\n<p style=\"font-size:14px\">Installation<br>Une vid\u00e9o r\u00e9alis\u00e9e in situ est projet\u00e9e sur la photographie qui fait office d&rsquo;\u00e9cran. Le paysage s&rsquo;anime \u00e0 intervalles r\u00e9guliers et transporte le spectateur sur le lieu de la prise de vue.<\/p>\n\n\n\n<p style=\"font-size:14px\">Voie ferr\u00e9e<br>Murcia, Andalousie<br>pr\u00e9sent\u00e9e dans le cadre de l\u2019exposition<em> Ainsi va la lumi\u00e8re<\/em> en 2014 \u00e0 la galerie Eva Vautier, Nice<br><br>Manade abandonn\u00e9e<br>Murcia, Andalousie<br>pr\u00e9sent\u00e9e dans le cadre de la Biennale 2014 de L\u2019UMAM, Ch\u00e2teau-Mus\u00e9e Grimaldi, Cagnes-sur-mer<\/p>\n\n\n\n<p style=\"font-size:14px\">Bunker et champ de bl\u00e9<br>Wissant, C\u00f4te d\u2019Opale, Pas-de-Calais<br>pr\u00e9sent\u00e9e dans le cadre de l\u2019exposition<em> Ainsi va la lumi\u00e8re<\/em> en 2014 \u00e0 la galerie Eva Vautier, Nice<\/p>\n<\/div>\n<\/div>\n\n\n\n<figure class=\"wp-block-image alignwide size-full\"><img decoding=\"async\" loading=\"lazy\" width=\"940\" height=\"600\" src=\"http:\/\/www.simonesimon.com\/portfolio\/wp-content\/uploads\/2022\/11\/1-2.jpg\" alt=\"\" class=\"wp-image-249\" srcset=\"https:\/\/www.simonesimon.com\/portfolio\/wp-content\/uploads\/2022\/11\/1-2.jpg 940w, https:\/\/www.simonesimon.com\/portfolio\/wp-content\/uploads\/2022\/11\/1-2-300x191.jpg 300w, https:\/\/www.simonesimon.com\/portfolio\/wp-content\/uploads\/2022\/11\/1-2-768x490.jpg 768w\" sizes=\"(max-width: 940px) 100vw, 940px\" \/><figcaption class=\"wp-element-caption\">Voie ferr\u00e9e<br>Murcia, Andalousie<\/figcaption><\/figure>\n\n\n\n<figure class=\"wp-block-embed alignwide is-type-video is-provider-youtube wp-block-embed-youtube wp-embed-aspect-16-9 wp-has-aspect-ratio\"><div class=\"wp-block-embed__wrapper\">\n<iframe loading=\"lazy\" title=\"Orage dans le sud de l&#039;Espagne\" width=\"1024\" height=\"576\" src=\"https:\/\/www.youtube.com\/embed\/wEDSOaL08hk?feature=oembed\" frameborder=\"0\" allow=\"accelerometer; autoplay; clipboard-write; encrypted-media; gyroscope; picture-in-picture; web-share\" allowfullscreen><\/iframe>\n<\/div><\/figure>\n\n\n\n<div style=\"height:10px\" aria-hidden=\"true\" class=\"wp-block-spacer\"><\/div>\n\n\n\n<figure class=\"wp-block-image alignwide size-full\"><img decoding=\"async\" loading=\"lazy\" width=\"940\" height=\"600\" src=\"http:\/\/www.simonesimon.com\/portfolio\/wp-content\/uploads\/2022\/11\/2-2.jpg\" alt=\"\" class=\"wp-image-250\" srcset=\"https:\/\/www.simonesimon.com\/portfolio\/wp-content\/uploads\/2022\/11\/2-2.jpg 940w, https:\/\/www.simonesimon.com\/portfolio\/wp-content\/uploads\/2022\/11\/2-2-300x191.jpg 300w, https:\/\/www.simonesimon.com\/portfolio\/wp-content\/uploads\/2022\/11\/2-2-768x490.jpg 768w\" sizes=\"(max-width: 940px) 100vw, 940px\" \/><figcaption class=\"wp-element-caption\">Manade abandonn\u00e9e<br>Murcia, Andalousie<\/figcaption><\/figure>\n\n\n\n<figure class=\"wp-block-embed alignwide is-type-video is-provider-youtube wp-block-embed-youtube wp-embed-aspect-16-9 wp-has-aspect-ratio\"><div class=\"wp-block-embed__wrapper\">\n<iframe loading=\"lazy\" title=\"Vol d&#039;oiseaux au dessus d&#039;une manade d\u00e9saffect\u00e9e\" width=\"1024\" height=\"576\" src=\"https:\/\/www.youtube.com\/embed\/DlnI6SV5gEo?feature=oembed\" frameborder=\"0\" allow=\"accelerometer; autoplay; clipboard-write; encrypted-media; gyroscope; picture-in-picture; web-share\" allowfullscreen><\/iframe>\n<\/div><\/figure>\n\n\n\n<div style=\"height:10px\" aria-hidden=\"true\" class=\"wp-block-spacer\"><\/div>\n\n\n\n<figure class=\"wp-block-image alignwide size-full\"><img decoding=\"async\" loading=\"lazy\" width=\"987\" height=\"600\" src=\"http:\/\/www.simonesimon.com\/portfolio\/wp-content\/uploads\/2022\/11\/3-2.jpg\" alt=\"\" class=\"wp-image-251\" srcset=\"https:\/\/www.simonesimon.com\/portfolio\/wp-content\/uploads\/2022\/11\/3-2.jpg 987w, https:\/\/www.simonesimon.com\/portfolio\/wp-content\/uploads\/2022\/11\/3-2-300x182.jpg 300w, https:\/\/www.simonesimon.com\/portfolio\/wp-content\/uploads\/2022\/11\/3-2-768x467.jpg 768w\" sizes=\"(max-width: 987px) 100vw, 987px\" \/><figcaption class=\"wp-element-caption\">Bunker et champ de bl\u00e9<br>Wissant, C\u00f4te d\u2019Opale, Pas-de-Calais<\/figcaption><\/figure>\n","protected":false},"excerpt":{"rendered":"<p>InstallationUne vid\u00e9o r\u00e9alis\u00e9e in situ est projet\u00e9e sur la photographie qui fait office d&rsquo;\u00e9cran. Le paysage s&rsquo;anime \u00e0 intervalles r\u00e9guliers et transporte le spectateur sur le lieu de la prise de vue. Voie ferr\u00e9eMurcia, Andalousiepr\u00e9sent\u00e9e dans le cadre de l\u2019exposition Ainsi va la lumi\u00e8re en 2014 \u00e0 la galerie Eva Vautier, Nice Manade abandonn\u00e9eMurcia, Andalousiepr\u00e9sent\u00e9e &hellip; <a href=\"https:\/\/www.simonesimon.com\/portfolio\/voyages-immobiles\/\" class=\"more-link\"><\/a><\/p>\n","protected":false},"author":1,"featured_media":0,"parent":0,"menu_order":0,"comment_status":"closed","ping_status":"closed","template":"page-shortcode.php","meta":{"iawp_total_views":40},"_links":{"self":[{"href":"https:\/\/www.simonesimon.com\/portfolio\/wp-json\/wp\/v2\/pages\/247"}],"collection":[{"href":"https:\/\/www.simonesimon.com\/portfolio\/wp-json\/wp\/v2\/pages"}],"about":[{"href":"https:\/\/www.simonesimon.com\/portfolio\/wp-json\/wp\/v2\/types\/page"}],"author":[{"embeddable":true,"href":"https:\/\/www.simonesimon.com\/portfolio\/wp-json\/wp\/v2\/users\/1"}],"replies":[{"embeddable":true,"href":"https:\/\/www.simonesimon.com\/portfolio\/wp-json\/wp\/v2\/comments?post=247"}],"version-history":[{"count":2,"href":"https:\/\/www.simonesimon.com\/portfolio\/wp-json\/wp\/v2\/pages\/247\/revisions"}],"predecessor-version":[{"id":254,"href":"https:\/\/www.simonesimon.com\/portfolio\/wp-json\/wp\/v2\/pages\/247\/revisions\/254"}],"wp:attachment":[{"href":"https:\/\/www.simonesimon.com\/portfolio\/wp-json\/wp\/v2\/media?parent=247"}],"curies":[{"name":"wp","href":"https:\/\/api.w.org\/{rel}","templated":true}]}}