{"id":244,"date":"2022-11-28T01:12:05","date_gmt":"2022-11-28T00:12:05","guid":{"rendered":"http:\/\/www.simonesimon.com\/portfolio\/?page_id=244"},"modified":"2025-01-08T15:09:59","modified_gmt":"2025-01-08T14:09:59","slug":"souriez-on-se-detruit","status":"publish","type":"page","link":"https:\/\/www.simonesimon.com\/portfolio\/souriez-on-se-detruit\/","title":{"rendered":"Souriez on se d\u00e9truit"},"content":{"rendered":"\n<p style=\"font-size:14px\"><strong>Souriez on se d\u00e9truit.<br>Proposition artistique Franco-Belge<br>Avec la participation de Nicolas Buissart artiste Belge travaillant \u00e0 Charleroi.<\/strong><\/p>\n\n\n\n<p style=\"font-size:14px\">Dans la continuit\u00e9 de son travail sur la m\u00e9moire et l&rsquo;identit\u00e9, Simone Simon s&rsquo;est int\u00e9ress\u00e9e \u00e0 des lieux abandonn\u00e9s. C&rsquo;est \u00e0 la suite d&rsquo;un documentaire, dans lequel un jeune artiste du nom de Nicolas Buissart proposait un safari urbain dans la ville la plus laide de Belgique, Charleroi, que l&rsquo;artiste d\u00e9cidait de s&rsquo;y rendre. Ville francophone situ\u00e9e en r\u00e9gion Wallonne, Charleroi est au centre d&rsquo;un vaste bassin houiller totalement abandonn\u00e9. Elle va y r\u00e9aliser une s\u00e9rie de visuels qui interroge la m\u00e9moire du lieu \u00e0 travers des sites fortement connot\u00e9s qui ont particip\u00e9 et surtout fait la richesse de la r\u00e9gion.<br>En opposition \u00e0 Charleroi se trouve Nieuwpoort, ville c\u00f4ti\u00e8re et lieu de vill\u00e9giature situ\u00e9e en r\u00e9gion flamande. La fr\u00e9n\u00e9sie immobili\u00e8re n&rsquo;a pas \u00e9pargn\u00e9 la c\u00f4te bord\u00e9e actuellement par d&rsquo;\u00e9normes barres d&rsquo;immeubles gris. En regard avec les friches industrielles, elle y a capt\u00e9 les ruines d&rsquo;un camp de vacances, alors r\u00e9serv\u00e9 au personnel RTT, aujourd&rsquo;hui Belgacom. Construit dans les ann\u00e9es cinquante par Henri Lacoste (1885\/1968), architecte militant Belge et figure original de l&rsquo;art moderne Belge, le site a \u00e9t\u00e9 en partie d\u00e9truit. Abandon d&rsquo;un lieu de vill\u00e9giature, abandon de sites industriels, ces vestiges signent la fin d&rsquo;un XX\u00b0 si\u00e8cle o\u00f9 la logique \u00e9conomique entra\u00eene des r\u00e9ponses sociales radicales. Le regard de Simone Simon traverse ces lieux et interroge la nature des \u00e9v\u00e9nements subits avec un recul exempt de nostalgie pour faire place \u00e0 des images crues o\u00f9 l&rsquo;homme, en filigrane, est omnipr\u00e9sent.<\/p>\n\n\n\n<p style=\"font-size:14px\">H\u00e9l\u00e8ne Fincker<br>Directrice de la Villa Cameline<br>Exposition en 2011 \u00e0 la Maison abandonn\u00e9e Villa Cameline, Nice<\/p>\n","protected":false},"excerpt":{"rendered":"<p>Souriez on se d\u00e9truit.Proposition artistique Franco-BelgeAvec la participation de Nicolas Buissart artiste Belge travaillant \u00e0 Charleroi. Dans la continuit\u00e9 de son travail sur la m\u00e9moire et l&rsquo;identit\u00e9, Simone Simon s&rsquo;est int\u00e9ress\u00e9e \u00e0 des lieux abandonn\u00e9s. C&rsquo;est \u00e0 la suite d&rsquo;un documentaire, dans lequel un jeune artiste du nom de Nicolas Buissart proposait un safari urbain &hellip; <a href=\"https:\/\/www.simonesimon.com\/portfolio\/souriez-on-se-detruit\/\" class=\"more-link\"><\/a><\/p>\n","protected":false},"author":1,"featured_media":0,"parent":0,"menu_order":0,"comment_status":"closed","ping_status":"closed","template":"page-shortcode.php","meta":{"iawp_total_views":38},"_links":{"self":[{"href":"https:\/\/www.simonesimon.com\/portfolio\/wp-json\/wp\/v2\/pages\/244"}],"collection":[{"href":"https:\/\/www.simonesimon.com\/portfolio\/wp-json\/wp\/v2\/pages"}],"about":[{"href":"https:\/\/www.simonesimon.com\/portfolio\/wp-json\/wp\/v2\/types\/page"}],"author":[{"embeddable":true,"href":"https:\/\/www.simonesimon.com\/portfolio\/wp-json\/wp\/v2\/users\/1"}],"replies":[{"embeddable":true,"href":"https:\/\/www.simonesimon.com\/portfolio\/wp-json\/wp\/v2\/comments?post=244"}],"version-history":[{"count":2,"href":"https:\/\/www.simonesimon.com\/portfolio\/wp-json\/wp\/v2\/pages\/244\/revisions"}],"predecessor-version":[{"id":2280,"href":"https:\/\/www.simonesimon.com\/portfolio\/wp-json\/wp\/v2\/pages\/244\/revisions\/2280"}],"wp:attachment":[{"href":"https:\/\/www.simonesimon.com\/portfolio\/wp-json\/wp\/v2\/media?parent=244"}],"curies":[{"name":"wp","href":"https:\/\/api.w.org\/{rel}","templated":true}]}}