{"id":169,"date":"2022-11-28T00:28:20","date_gmt":"2022-11-27T23:28:20","guid":{"rendered":"http:\/\/www.simonesimon.com\/portfolio\/?page_id=169"},"modified":"2025-01-08T15:08:55","modified_gmt":"2025-01-08T14:08:55","slug":"nostalgie-du-present","status":"publish","type":"page","link":"https:\/\/www.simonesimon.com\/portfolio\/nostalgie-du-present\/","title":{"rendered":"Nostalgie du pr\u00e9sent"},"content":{"rendered":"\n<div class=\"is-layout-flex wp-container-3 wp-block-columns\">\n<div class=\"is-layout-flow wp-block-column\">\n<h5>La Bande de Simon<\/h5>\n\n\n\n<p style=\"font-size:14px\">Des visages d\u2019enfants, dr\u00f4les ou \u00e9mouvants, accrochent l\u2019\u0153il au fil des pages de l\u2019ouvrage de Simone Simon, Nostalgie du pr\u00e9sent. Mais il ne s\u2019agit pas de simples portraits : ces visages sont confront\u00e9s \u00e0 ceux des adultes qu\u2019ils sont devenus. Ce sont pour la plupart des artistes ou des com\u00e9diens qui apportent une dimension suppl\u00e9mentaire, car leur regard d\u2019aujourd\u2019hui et celui d\u2019hier est empreint d\u2019une m\u00eame intensit\u00e9 ou d\u2019une m\u00eame lumi\u00e8re. Le hors champ, nich\u00e9 dans les interstices du r\u00e9el et de l\u2019imaginaire, est ce qui frappe en premier dans une photo.<\/p>\n\n\n\n<p style=\"font-size:14px\">Par un effet miroir, Simone Simon nous offre un plus grand myst\u00e8re : que s\u2019est-il pass\u00e9 entre les deux clich\u00e9s pris \u00e0 plusieurs ann\u00e9es d\u2019intervalle ? Cette confrontation pose une question troublante : n\u2019est-ce pas l\u2019enfant qui porte d\u00e9j\u00e0 l\u2019image de l\u2019adulte ? N\u2019est-ce pas lui qui contient son propre avenir qu\u2019il projette par l\u2019interm\u00e9diaire d\u2019une aura, telle une voyance ?<\/p>\n\n\n\n<p style=\"font-size:14px\">Et s\u2019il est habituel de dire que l\u2019adulte porte en lui la m\u00e9moire de l\u2019enfant qu\u2019il fut, le travail de Simone Simon nous donne \u00e0 penser l\u2019inverse. Par une sorte de paradoxe temporel, un retournement de la fl\u00e8che du temps, la m\u00e9moire du devenir de l\u2019adulte est contenue dans le visage de l\u2019enfant, y compris la future \u00e9rosion du temps et ce passage insupportable du lisse au rugueux. Comme si le temps n\u2019existait pas, en tout cas pas de la mani\u00e8re dont on l\u2019imagine. Comme si tout \u00e9tait d\u00e9j\u00e0 \u00e9crit. Comme si l\u2019enfant, malgr\u00e9 son innocence, \u00e9tait d\u00e9j\u00e0 vieux, \u00e9reint\u00e9 par le poids de l\u2019adulte qu\u2019il sera.<\/p>\n<\/div>\n\n\n\n<div class=\"is-layout-flow wp-block-column\">\n<p style=\"font-size:14px\"><br><br><br>Les deux images se rejoignent \u00e0 la mani\u00e8re d\u2019une bande de M\u00f6bius (1). Elles forment ainsi un chemin sans fin autour d\u2019un \u00e9picentre invisible : l\u2019histoire d\u2019une existence, la soudure de deux masses situ\u00e9es dans deux espaces-temps diff\u00e9rents. Ces doubles portraits \u00e9voquent la gravure de M.C. Escher (2), Lien infini : deux spirales s\u2019unissent pour dessiner deux visages, et leurs fronts s\u2019entrelacent, formant une double unit\u00e9, cr\u00e9ant une relation inattendue entre la fameuse bande de M\u00f6bius et la double h\u00e9lice de l\u2019ADN.<br><br>Entre ces deux photos, \u00ab l\u2019empreinte \u00bb que l\u2019on devine est \u00ab ph\u00e9nom\u00e9nale \u00bb au sens kantien du terme, dans la mesure o\u00f9 elle appartient au domaine de la r\u00e9alit\u00e9 sensible dans l\u2019espace et dans le temps, mais ph\u00e9nom\u00e9nale aussi au sens prodigieux du mot : le prodige de ce qui demeure imperceptible, tapi au c\u0153ur de l\u2019inn\u00e9 et de l\u2019acquis.<br><br>Nostalgie du pr\u00e9sent \u2014 titre qui fait r\u00e9f\u00e9rence \u00e0 un texte de Paul Auster3 \u2014, n\u2019est pas seulement un \u00e9tonnant et magnifique recueil de photos, il repr\u00e9sente une r\u00e9flexion sur les cicatrices de la m\u00e9moire, et peut-\u00eatre aussi sur le myst\u00e8re de la vie. Un beau livre pour chaparder des morceaux d\u2019\u00e9ternit\u00e9.<br><br>Jean-Christophe Pichon<br>(1) &#8211; M\u00f6bius (August Ferdinand), astronome et math\u00e9maticien allemand (1790-1868).<br>(2) &#8211; Escher (Maurits Cornelis), graveur (1898-1972).<br>(3) &#8211; L\u2019Invention de la solitude.<br><br>Exposition des photographies issues de l\u2019ouvrage \u00e0 la FNAC, Monaco, en 2006<\/p>\n<\/div>\n<\/div>\n\n\n\n<div class=\"is-layout-flex wp-container-6 wp-block-columns alignwide\">\n<div class=\"is-layout-flow wp-block-column\"><div class=\"wp-block-image\">\n<figure class=\"alignleft size-full\"><img decoding=\"async\" loading=\"lazy\" width=\"415\" height=\"600\" src=\"http:\/\/www.simonesimon.com\/portfolio\/wp-content\/uploads\/2022\/11\/2.jpg\" alt=\"\" class=\"wp-image-170\" srcset=\"https:\/\/www.simonesimon.com\/portfolio\/wp-content\/uploads\/2022\/11\/2.jpg 415w, https:\/\/www.simonesimon.com\/portfolio\/wp-content\/uploads\/2022\/11\/2-208x300.jpg 208w\" sizes=\"(max-width: 415px) 100vw, 415px\" \/><figcaption class=\"wp-element-caption\">Bernard PAG\u00c8S<\/figcaption><\/figure><\/div><\/div>\n\n\n\n<div class=\"is-layout-flow wp-block-column\"><div class=\"wp-block-image\">\n<figure class=\"alignright size-full\"><img decoding=\"async\" loading=\"lazy\" width=\"399\" height=\"600\" src=\"http:\/\/www.simonesimon.com\/portfolio\/wp-content\/uploads\/2022\/11\/1.jpg\" alt=\"\" class=\"wp-image-171\" srcset=\"https:\/\/www.simonesimon.com\/portfolio\/wp-content\/uploads\/2022\/11\/1.jpg 399w, https:\/\/www.simonesimon.com\/portfolio\/wp-content\/uploads\/2022\/11\/1-200x300.jpg 200w\" sizes=\"(max-width: 399px) 100vw, 399px\" \/><\/figure><\/div><\/div>\n<\/div>\n\n\n\n<div class=\"is-layout-flex wp-container-9 wp-block-columns alignwide\">\n<div class=\"is-layout-flow wp-block-column\"><div class=\"wp-block-image\">\n<figure class=\"alignleft size-full\"><img decoding=\"async\" loading=\"lazy\" width=\"402\" height=\"600\" src=\"http:\/\/www.simonesimon.com\/portfolio\/wp-content\/uploads\/2022\/11\/3.jpg\" alt=\"\" class=\"wp-image-172\" srcset=\"https:\/\/www.simonesimon.com\/portfolio\/wp-content\/uploads\/2022\/11\/3.jpg 402w, https:\/\/www.simonesimon.com\/portfolio\/wp-content\/uploads\/2022\/11\/3-201x300.jpg 201w\" sizes=\"(max-width: 402px) 100vw, 402px\" \/><figcaption class=\"wp-element-caption\">Renaud LAYRAC<\/figcaption><\/figure><\/div><\/div>\n\n\n\n<div class=\"is-layout-flow wp-block-column\"><div class=\"wp-block-image\">\n<figure class=\"alignright size-full\"><img decoding=\"async\" loading=\"lazy\" width=\"411\" height=\"600\" src=\"http:\/\/www.simonesimon.com\/portfolio\/wp-content\/uploads\/2022\/11\/4.jpg\" alt=\"\" class=\"wp-image-173\" srcset=\"https:\/\/www.simonesimon.com\/portfolio\/wp-content\/uploads\/2022\/11\/4.jpg 411w, https:\/\/www.simonesimon.com\/portfolio\/wp-content\/uploads\/2022\/11\/4-206x300.jpg 206w\" sizes=\"(max-width: 411px) 100vw, 411px\" \/><\/figure><\/div><\/div>\n<\/div>\n\n\n\n<div class=\"is-layout-flex wp-container-12 wp-block-columns alignwide\">\n<div class=\"is-layout-flow wp-block-column\"><div class=\"wp-block-image\">\n<figure class=\"alignleft size-full\"><img decoding=\"async\" loading=\"lazy\" width=\"411\" height=\"600\" src=\"http:\/\/www.simonesimon.com\/portfolio\/wp-content\/uploads\/2022\/11\/5.jpg\" alt=\"\" class=\"wp-image-174\" srcset=\"https:\/\/www.simonesimon.com\/portfolio\/wp-content\/uploads\/2022\/11\/5.jpg 411w, https:\/\/www.simonesimon.com\/portfolio\/wp-content\/uploads\/2022\/11\/5-206x300.jpg 206w\" sizes=\"(max-width: 411px) 100vw, 411px\" \/><figcaption class=\"wp-element-caption\">Ben VAUTIER<\/figcaption><\/figure><\/div><\/div>\n\n\n\n<div class=\"is-layout-flow wp-block-column\"><div class=\"wp-block-image\">\n<figure class=\"alignright size-full\"><img decoding=\"async\" loading=\"lazy\" width=\"396\" height=\"600\" src=\"http:\/\/www.simonesimon.com\/portfolio\/wp-content\/uploads\/2022\/11\/6.jpg\" alt=\"\" class=\"wp-image-175\" srcset=\"https:\/\/www.simonesimon.com\/portfolio\/wp-content\/uploads\/2022\/11\/6.jpg 396w, https:\/\/www.simonesimon.com\/portfolio\/wp-content\/uploads\/2022\/11\/6-198x300.jpg 198w\" sizes=\"(max-width: 396px) 100vw, 396px\" \/><\/figure><\/div><\/div>\n<\/div>\n\n\n\n<div class=\"is-layout-flex wp-container-15 wp-block-columns alignwide\">\n<div class=\"is-layout-flow wp-block-column\"><div class=\"wp-block-image\">\n<figure class=\"alignleft size-full\"><img decoding=\"async\" loading=\"lazy\" width=\"420\" height=\"600\" src=\"http:\/\/www.simonesimon.com\/portfolio\/wp-content\/uploads\/2022\/11\/7.jpg\" alt=\"\" class=\"wp-image-176\" srcset=\"https:\/\/www.simonesimon.com\/portfolio\/wp-content\/uploads\/2022\/11\/7.jpg 420w, https:\/\/www.simonesimon.com\/portfolio\/wp-content\/uploads\/2022\/11\/7-210x300.jpg 210w\" sizes=\"(max-width: 420px) 100vw, 420px\" \/><figcaption class=\"wp-element-caption\">Natacha LESUEUR<\/figcaption><\/figure><\/div><\/div>\n\n\n\n<div class=\"is-layout-flow wp-block-column\"><div class=\"wp-block-image\">\n<figure class=\"alignright size-full\"><img decoding=\"async\" loading=\"lazy\" width=\"423\" height=\"600\" src=\"http:\/\/www.simonesimon.com\/portfolio\/wp-content\/uploads\/2022\/11\/8.jpg\" alt=\"\" class=\"wp-image-177\" srcset=\"https:\/\/www.simonesimon.com\/portfolio\/wp-content\/uploads\/2022\/11\/8.jpg 423w, https:\/\/www.simonesimon.com\/portfolio\/wp-content\/uploads\/2022\/11\/8-212x300.jpg 212w\" sizes=\"(max-width: 423px) 100vw, 423px\" \/><\/figure><\/div><\/div>\n<\/div>\n\n\n\n<div class=\"is-layout-flex wp-container-18 wp-block-columns alignwide\">\n<div class=\"is-layout-flow wp-block-column\"><div class=\"wp-block-image\">\n<figure class=\"alignleft size-full\"><img decoding=\"async\" loading=\"lazy\" width=\"846\" height=\"600\" src=\"http:\/\/www.simonesimon.com\/portfolio\/wp-content\/uploads\/2022\/11\/10.jpg\" alt=\"\" class=\"wp-image-178\" srcset=\"https:\/\/www.simonesimon.com\/portfolio\/wp-content\/uploads\/2022\/11\/10.jpg 846w, https:\/\/www.simonesimon.com\/portfolio\/wp-content\/uploads\/2022\/11\/10-300x213.jpg 300w, https:\/\/www.simonesimon.com\/portfolio\/wp-content\/uploads\/2022\/11\/10-768x545.jpg 768w\" sizes=\"(max-width: 846px) 100vw, 846px\" \/><figcaption class=\"wp-element-caption\">C\u00e9cile et Anne PESCE<\/figcaption><\/figure><\/div><\/div>\n\n\n\n<div class=\"is-layout-flow wp-block-column\"><div class=\"wp-block-image\">\n<figure class=\"alignright size-full\"><img decoding=\"async\" loading=\"lazy\" width=\"857\" height=\"600\" src=\"http:\/\/www.simonesimon.com\/portfolio\/wp-content\/uploads\/2022\/11\/9.jpg\" alt=\"\" class=\"wp-image-179\" srcset=\"https:\/\/www.simonesimon.com\/portfolio\/wp-content\/uploads\/2022\/11\/9.jpg 857w, https:\/\/www.simonesimon.com\/portfolio\/wp-content\/uploads\/2022\/11\/9-300x210.jpg 300w, https:\/\/www.simonesimon.com\/portfolio\/wp-content\/uploads\/2022\/11\/9-768x538.jpg 768w\" sizes=\"(max-width: 857px) 100vw, 857px\" \/><\/figure><\/div><\/div>\n<\/div>\n","protected":false},"excerpt":{"rendered":"<p>La Bande de Simon Des visages d\u2019enfants, dr\u00f4les ou \u00e9mouvants, accrochent l\u2019\u0153il au fil des pages de l\u2019ouvrage de Simone Simon, Nostalgie du pr\u00e9sent. Mais il ne s\u2019agit pas de simples portraits : ces visages sont confront\u00e9s \u00e0 ceux des adultes qu\u2019ils sont devenus. Ce sont pour la plupart des artistes ou des com\u00e9diens qui &hellip; <a href=\"https:\/\/www.simonesimon.com\/portfolio\/nostalgie-du-present\/\" class=\"more-link\"><\/a><\/p>\n","protected":false},"author":1,"featured_media":0,"parent":0,"menu_order":0,"comment_status":"closed","ping_status":"closed","template":"page-shortcode.php","meta":{"iawp_total_views":49},"_links":{"self":[{"href":"https:\/\/www.simonesimon.com\/portfolio\/wp-json\/wp\/v2\/pages\/169"}],"collection":[{"href":"https:\/\/www.simonesimon.com\/portfolio\/wp-json\/wp\/v2\/pages"}],"about":[{"href":"https:\/\/www.simonesimon.com\/portfolio\/wp-json\/wp\/v2\/types\/page"}],"author":[{"embeddable":true,"href":"https:\/\/www.simonesimon.com\/portfolio\/wp-json\/wp\/v2\/users\/1"}],"replies":[{"embeddable":true,"href":"https:\/\/www.simonesimon.com\/portfolio\/wp-json\/wp\/v2\/comments?post=169"}],"version-history":[{"count":1,"href":"https:\/\/www.simonesimon.com\/portfolio\/wp-json\/wp\/v2\/pages\/169\/revisions"}],"predecessor-version":[{"id":180,"href":"https:\/\/www.simonesimon.com\/portfolio\/wp-json\/wp\/v2\/pages\/169\/revisions\/180"}],"wp:attachment":[{"href":"https:\/\/www.simonesimon.com\/portfolio\/wp-json\/wp\/v2\/media?parent=169"}],"curies":[{"name":"wp","href":"https:\/\/api.w.org\/{rel}","templated":true}]}}