{"id":16,"date":"2022-11-25T20:44:37","date_gmt":"2022-11-25T19:44:37","guid":{"rendered":"http:\/\/www.simonesimon.com\/portfolio\/?page_id=16"},"modified":"2025-06-30T20:15:14","modified_gmt":"2025-06-30T18:15:14","slug":"expositions","status":"publish","type":"page","link":"https:\/\/www.simonesimon.com\/portfolio\/expositions\/","title":{"rendered":"Expositions"},"content":{"rendered":"\n<div class=\"is-layout-flex wp-container-2 wp-block-columns\">\n<div class=\"is-layout-flow wp-block-column\">\n<h2 class=\"wp-block-heading\">EXPOSITIONS SOLOS<\/h2>\n\n\n\n<p class=\"has-small-font-size\">2025 <strong>Monographie Simone Simon<\/strong><br>Pr\u00e9sentation de la monographie parue aux \u00e9d. Arnaud Bizalion, en pr\u00e9sence de l&rsquo;artiste :<br>Au Centre de la photographie de Mougins le 26 avril 2025 \u00e0 partir de 17h<br>\u00c0 la galerie eva vautier le 16 mai 2025<br>Entr\u00e9e libre<\/p>\n\n\n\n<p class=\"has-small-font-size\">2023 <strong>Au rythme du paysage<\/strong><br>Exposition 07.10.2023 &#8211; 02.12.2023<br>Avec Linda Sanchez, artiste invit\u00e9e<br>Galerie Eva Vautier, Nice<br><a href=\"https:\/\/eva-vautier.com\/portfolio-item\/simone-simon-au-rythme-du-paysage\/\" data-type=\"link\" data-id=\"https:\/\/eva-vautier.com\/portfolio-item\/simone-simon-au-rythme-du-paysage\/\">lien<\/a><\/p>\n\n\n\n<p class=\"has-small-font-size\">2023<strong> Histoire d&rsquo;eau<\/strong><br>Vernissage le 16 mars 2023<br>Galerie de l&rsquo;\u00e9cole des beaux-arts de Versailles<br>11 rue St Simon 7800 Versailles<\/p>\n\n\n\n<p style=\"font-size:14px\">2019<strong> CORPS \/ VOIX Territoires de l&rsquo;intime<\/strong><br>Curratrice Chiara Palermo<br>Vernissage vendredi 27 septembre 2019 \u00e0 partir de 18h<br>Avec Pr\u00e9sentation et signature du livre NU, Simone Simon, pr\u00e9face de David Le Breton, texte de Chiara Palermo<br>Galerie Eva Vautier, Nice<br><a rel=\"noreferrer noopener\" href=\"https:\/\/eva-vautier.com\/art\/simone-simon-corps-voix-territoires-de-lintime\/\" target=\"_blank\">www.eva-vautier.com<\/a><br><a href=\"http:\/\/www.simonesimon.com\/dp_simone_simon_corpsvoix.pdf\">Dossier de presse<\/a><br><\/p>\n\n\n\n<p style=\"font-size:14px\">2017<strong> Ne regardez pas le renard passer<\/strong><br>Installation sonore<br>Avec Gilles Miquelis, Vivre \u00e0 en crever<br>Galerie Eva Vautier, Nice Dans le cadre de l&rsquo;exposition, <strong>Souvenir, r\u00e9alit\u00e9 ou fiction ?<\/strong>, d\u00e9bat men\u00e9 par Chiara Palermo (commissaire d&rsquo;exposition, docteur en philosophie) et Jean-Pierre Joly (psychiatre, psychanalyste)<br><a rel=\"noreferrer noopener\" href=\"https:\/\/eva-vautier.com\/art\/vivre-a-en-crever\/\" target=\"_blank\">www.eva-vautier.com<\/a><\/p>\n\n\n\n<p style=\"font-size:14px\">2015<strong> Paroles<\/strong><br>Diaporama de 7 minutes<br>En collaboration avec les femmes et les enfants r\u00e9sidants du CHRS, Les Yuccas<br><a rel=\"noreferrer noopener\" href=\"mailto:yuccas.chrs@association-alc.org\" target=\"_blank\">yuccas.chrs@association-alc.org<\/a><\/p>\n\n\n\n<p style=\"font-size:14px\">2014 <strong>Ainsi va la lumi\u00e8re<\/strong><br>Artiste invit\u00e9&nbsp;: Joseph Dadoune<br><a href=\"https:\/\/eva-vautier.com\/art\/ainsi-va-la-lumiere-15022014\/\" target=\"_blank\" rel=\"noreferrer noopener\">www.eva-vautier.com<\/a><\/p>\n\n\n\n<p style=\"font-size:14px\">2011 <strong>Souriez, on se d\u00e9truit<\/strong><br>Artiste invit\u00e9&nbsp;: Nicolas Buissart<br>Maison abandonn\u00e9e Villa Cameline<br>43 avenue Montplaisir &#8211; 06100 Nice<br><a rel=\"noreferrer noopener\" href=\"https:\/\/www.villacameline.fr\/Events\/Details\/souriez-on-vous-dtruit\" target=\"_blank\">www.villacameline.fr<\/a><\/p>\n\n\n\n<p style=\"font-size:14px\">2009<strong> Les portes du St Pierre<\/strong><br>Galerie d&rsquo;art contemporain Christian Depardieu.<br><a rel=\"noreferrer noopener\" href=\"http:\/\/www.galerie-depardieu.com\" target=\"_blank\">www.galerie-depardieu.com<\/a><\/p>\n\n\n\n<p style=\"font-size:14px\">2007<strong>&nbsp;Boxing club<\/strong><br>Documentaire r\u00e9alis\u00e9 dans une banlieue ni\u00e7oise, r\u00e9alis\u00e9 par Simone Simon et Eric Antolinos<br>Prim\u00e9 \u00e0 Un festival, c&rsquo;est trop court!, Nice avril 2008<br>Archiv\u00e9 \u00e0 la m\u00e9diath\u00e8que du Mus\u00e9e national de l&rsquo;histoire de l&rsquo;immigration, Paris<br><a rel=\"noreferrer noopener\" href=\"http:\/\/www.histoire-immigration.fr\" target=\"_blank\">www.histoire-immigration.fr<\/a><\/p>\n\n\n\n<p style=\"font-size:14px\">2006<strong> Nostalgie du pr\u00e9sent<\/strong><br>Exposition des photographies issues de l\u2019ouvrage<br>FNAC, Monaco.<\/p>\n\n\n\n<p style=\"font-size:14px\">2006<strong> &nbsp;Nostalgie du pr\u00e9sent<\/strong><br>LA STATION Nice<br><a rel=\"noreferrer noopener\" href=\"http:\/\/www.lastation.org\/exposition\/nostalgie-du-present\/\" target=\"_blank\">www.lastation.org<\/a><\/p>\n\n\n\n<p style=\"font-size:14px\">2002 <strong>\u00a0\u00bb&nbsp;Sur le passage de quelques personnes \u00e0 travers\u2026&nbsp;\u00ab\u00a0<\/strong><br>\u00ab\u00a0LE DOJO\u00a0\u00bb Nice<br>\u00a0\u00bb <a rel=\"noreferrer noopener\" href=\"http:\/\/www.le-dojo.org\/projets\/expositions\/simone-simon-sur-le-passage-de-quelques-personnes-a-travers\/\" target=\"_blank\">www.le-dojo.org<\/a><\/p>\n\n\n\n<hr class=\"wp-block-separator alignwide has-alpha-channel-opacity\"\/>\n\n\n\n<h2 class=\"wp-block-heading\">EXPOSITIONS COLLECTIVES<\/h2>\n\n\n\n<p class=\"has-small-font-size\">2025 <strong>Festival du Peu, parcours d&rsquo;art contemporain<\/strong><br>\u00ab\u00a0Ici commence la mer\u00a0\u00bb, Le Broc<br>4-27 juillet 2025<br><a href=\"https:\/\/festivaldupeu.org\/\" target=\"_blank\" rel=\"noreferrer noopener\">https:\/\/festivaldupeu.org\/<\/a><\/p>\n\n\n\n<p class=\"has-small-font-size\">2025 <strong>Arles Books Fair 2025<\/strong>, les rencontres de la photographie<br>Jeudi 10 et samedi 12 juillet 17h30-18h30<br>Coll\u00e8ge Saint-Charles<br><a href=\"https:\/\/www.rencontres-arles.com\/fr\/arles-books-fair\" target=\"_blank\" rel=\"noreferrer noopener\">https:\/\/www.rencontres-arles.com\/fr\/arles-books-fair<\/a><\/p>\n\n\n\n<p style=\"font-size:14px\">2025 <strong>Sous nos pas, les rivi\u00e8res<\/strong><br>Artistes : Beno\u00eet Barbagli, Mona Barbagli, Tom Barbagli, Ben, Marc Chevalier, Joseph Dadoune, Camille Franch-Guerra, Aim\u00e9e Fleury, Jacqueline Gainon, Charlotte Pringuey-Cessac, Caroline Rivalan, Florian Sch\u00f6nerstedt, Simone Simon, Annie Vautier et Anne-Laure Wuillai<br>En partenariat avec la galerie Eva Vautier<br>Centre International d&rsquo;Art Contemporain &#8211; CIAC, Carros<br><a rel=\"noreferrer noopener\" href=\"https:\/\/ciac.ville-carros.fr\" target=\"_blank\">https:\/\/ciac.ville-carros.fr<\/a><\/p>\n\n\n\n<p><\/p>\n\n\n\n<p style=\"font-size:14px\">2022 <strong>L&rsquo;ami-e mod\u00e8le<\/strong><br>Curateur Mathieu Mercier, Mucem, Marseille<br>Mathieu Mercier propose les regards de plus d\u2019une centaine d\u2019artistes qui se sont laiss\u00e9\u00b7es capturer sous le regard d\u2019un\u00b7e autre. On reconnait ainsi Nina Childress sous les traits de Claude Closky, Catherine Pineau dans l\u2019\u0153il d\u2019Annette Messager, Mana Kikuta par Laurent Montaron, mais aussi des \u0153uvres de Fran\u00e7oise P\u00e9trovitch, Caroline Mesquita, Bruno Peinado, Simone Simon, Sammy Engramer\u2026 les g\u00e9n\u00e9rations s\u2019entrem\u00ealent, comptant par exemple les jeunes peintres Christine Safa et Madeleine Roger-Lacan, toutes deux mod\u00e8les et portraitistes ; certaines figures se r\u00e9pondent dans l\u2019exercice des portraits crois\u00e9s ; Florence Obrecht et Axel Pahlavi en sont des exemples.<br><a rel=\"noreferrer noopener\" href=\"https:\/\/www.mucem.org\/programme\/exposition-et-temps-forts\/lamie-modele\" target=\"_blank\">www.mucem.org<\/a><\/p>\n\n\n\n<p><\/p>\n\n\n\n<p style=\"font-size:14px\">2021<strong> Projet Nomade<\/strong><br>Sur un projet de Charlotte Pringuey-Cessac<br>Exposition collective, artistes participants Simone Simon, Catherine Burki, Caroline Bouissou, Laura Giordanengo, Nicolas Daubanes, Florian de la Salle, Manon Rolland, Daniel Nadaud, Ma\u00eblle Labussi\u00e8re, Albane Hupin, Vincent Chenut,Alban Mori, Gabrielle Conilh de Beyssac et Jules Guissart, Marco Godinho, Massimiliano Baldassarri, Anne-Laure Wuillai,Olivia Barisano et Charlotte Pringuey-Cessac<br>Galerie Eva Vautier, Nice<br><a rel=\"noreferrer noopener\" href=\"https:\/\/eva-vautier.com\/art\/simone-simon-corps-voix-territoires-de-lintime\/\" target=\"_blank\">www.eva-vautier.com<\/a><br><strong>du 21 mai au 19 juin Projet Nomade \u00e0 Metaxu, espace d&rsquo;artistes, Toulon<\/strong><br><a rel=\"noreferrer noopener\" href=\"https:\/\/www.metaxu.fr\/\" target=\"_blank\">www.metaxu.fr<\/a><br><\/p>\n\n\n\n<p style=\"font-size:14px\">2020<strong> 1 m\u00e8tre de distance<\/strong><br>Exposition collective avec Beno\u00eet Barbagli et Aim\u00e9e Fleury, Tom Barbagli, Arnaud Biais, Evan Bourgeau, Pauline Brun, Anna Byskov, Marc Chevalier, Joseph Dadoune, Nicolas Daubanes, Kristof Everart, Anne Favret et Patrick Manez, Forstner Gregory, Camille Franch-Guerra, Jacqueline Gainon, Marie Genin, Anne G\u00e9rard, Alexandra Guillot, Alice Guittard, Laurie Jacquetty, Sandra Lecoq, Gilles Miquelis, Fr\u00e9d\u00e9rique Nalbandian, G\u00e9rald Panighi, Fran\u00e7ois Paris, Charlotte Pringuey-Cessac, Caroline Rivalan, Omar Rodriguez Sanmartin, Justin Sanchez, Simone Simon, Cedric Teisseire, Florent Testa, Ben Vautier, Agn\u00e8s Vitani, Agathe Wiesner, Anne-Laure Wuillai et Junko Yamasaki.<br>Galerie Eva Vautier, Nice<br><a rel=\"noreferrer noopener\" href=\"https:\/\/eva-vautier.com\/art\/simone-simon-corps-voix-territoires-de-lintime\/\" target=\"_blank\">www.eva-vautier.com<\/a><br><br>2019<strong> Cabinet pique-nique, femmes artistes<\/strong><br>Installation vid\u00e9o Voyage immobile, Curateur Jean Dupuy<br>Avec Olga Adorno, Brigitte Cardinal, Catherine Cattaneo, Caroline Challan-Belval, Elena Ferrer, Jacqueline Gainon, Alexandra Guillot, yayoi Gunji, Yoko Gunji, Corinna Kiefer, Jeanne Le Guff, Louise Luc Kheloui, St\u00e9phanie Marin, Evelyne Noviant, Jackie Monnier Matisse, Lola Parrot, Marinella Senatore, Franka S\u00e9verin, Simone Simon, Anna Tomaszewski Maison abandonn\u00e9e (Villa Cameline), Nice<br><a rel=\"noreferrer noopener\" href=\"https:\/\/www.villacameline.fr\/Events\/Details\/cabinet-pique-nique-femmes-artistes-vernissage-29-mars-18h30\" target=\"_blank\">www.villacameline.fr<\/a><\/p>\n\n\n\n<p style=\"font-size:14px\">2016<strong> Ne regardez pas le renard passer<\/strong><br>Installation sonore<br>Supervues, petite surface de l&rsquo;art contemporain&nbsp;<br>35 chambres, 35 artistes<br>H\u00f4tel Burrhus, Vaison-la-Romaine<br><a rel=\"noreferrer noopener\" href=\"http:\/\/www.burrhus.com\/fr\/supervues_5.html\" target=\"_blank\">www.burrhus.com<\/a><\/p>\n\n\n\n<p style=\"font-size:14px\">2016<strong>&nbsp;Tribu<\/strong><br>Avec Mathieu Alary, Pauline Brun, Joseph Dadoune, Sandra D. Lecoq, Kristof Everart, Gregory Forstner, Jacqueline Gainon, Anita Gauran, Alice Guittard, Philippe Jusforgues, Virginie Le Touze, Natacha Lesueur, C\u00e9cile Mainardi, Gilles Miquelis, Fr\u00e9d\u00e9rique Nalbandian, G\u00e9rald Panighi, Fran\u00e7ois Paris, Charlotte Pringuey-Cessac, Simone Simon, Ben Vautier, Agn\u00e8s Vitani<br><a rel=\"noreferrer noopener\" href=\"https:\/\/eva-vautier.com\/art\/tribu-12122015\/\" target=\"_blank\">www.eva-vautier.com<\/a><\/p>\n\n\n\n<p class=\"has-small-font-size\">2015 <strong>Il \u00e9tait une fois&#8230;<\/strong><br>Pi\u00e8ce sonore<br>Une exposition de Jean Dupuy et de ses amis&nbsp;: Catherine Cattaneo &amp; Gilbert Caty, Jean Dupuy, Philippe Boulard &amp; Jean-Baptiste Gurly, Jean-Luc Parant, Thierry Lagalla, Simone Simon&#8230; H\u00f4tel Burrhus, Vaison-la-Romaine<br><a rel=\"noreferrer noopener\" href=\"http:\/\/www.burrhus.com\/\" target=\"_blank\">www.burrhus.com<\/a><\/p>\n\n\n\n<p style=\"font-size:14px\">2015&nbsp;<strong>A une ann\u00e9e lumi\u00e8re<\/strong><br>Exposition de groupe, 25 artistes<br><a href=\"https:\/\/eva-vautier.com\/art\/a-une-annee-lumiere-17012015\/\">www.eva-vautier.com<\/a><br><\/p>\n\n\n\n<p style=\"font-size:14px\">2014 <strong>Mises en sc\u00e8ne&nbsp;<\/strong><br>Voyages immobiles, Vol d\u2019oiseaux au-dessus d\u2019une manade&nbsp;<br>76 artistes contemporains du pourtour m\u00e9diterran\u00e9en<br>Ch\u00e2teau-mus\u00e9e Grimaldi, Cagnes-sur-Mer<br><a rel=\"noreferrer noopener\" href=\"http:\/\/umamfrance.blogspot.fr\" target=\"_blank\">umamfrance.blogspot.fr<\/a><br><\/p>\n\n\n\n<p style=\"font-size:14px\">2013<strong> Se d\u00e9rober&#8230;<\/strong><br>Exposition collective<br>Mus\u00e9e de la Photographie Andr\u00e9 Villers &#8211; Porte Sarrazine &#8211; 06250 Mougins<br><a rel=\"noreferrer noopener\" href=\"http:\/\/www.mougins.fr\" target=\"_blank\">www.mougins.fr<\/a><br><\/p>\n\n\n\n<p style=\"font-size:14px\">2012\/2013 <strong>L&rsquo;art \u00e0 l&rsquo;abattoir<\/strong><br>Vid\u00e9o r\u00e9alis\u00e9e par Simone Simon et Eric Antolinos<br>Pr\u00e9sent\u00e9e \u00e0 La Station en 2013<br>Archiv\u00e9e \u00e0 la m\u00e9diath\u00e8que du MAMAC, Nice<\/p>\n\n\n\n<p style=\"font-size:14px\">2011<strong> J&rsquo;aime les femmes et je le prouve<\/strong><br>Exposition collective<br>Commissariat artistique&nbsp;: Ben<br><a rel=\"noreferrer noopener\" href=\"http:\/\/www.ben-vautier.com\" target=\"_blank\">www.ben-vautier.com<\/a><\/p>\n\n\n\n<p style=\"font-size:14px\">2009 <strong>Les portes du St Pierre<\/strong><br>Rencontres de la photographie, Arles<br>H\u00f4tel de Chartrouse<\/p>\n<\/div>\n<\/div>\n","protected":false},"excerpt":{"rendered":"<p>EXPOSITIONS SOLOS 2025 Monographie Simone SimonPr\u00e9sentation de la monographie parue aux \u00e9d. Arnaud Bizalion, en pr\u00e9sence de l&rsquo;artiste :Au Centre de la photographie de Mougins le 26 avril 2025 \u00e0 partir de 17h\u00c0 la galerie eva vautier le 16 mai 2025Entr\u00e9e libre 2023 Au rythme du paysageExposition 07.10.2023 &#8211; 02.12.2023Avec Linda Sanchez, artiste invit\u00e9eGalerie Eva &hellip; <a href=\"https:\/\/www.simonesimon.com\/portfolio\/expositions\/\" class=\"more-link\"><\/a><\/p>\n","protected":false},"author":1,"featured_media":0,"parent":0,"menu_order":0,"comment_status":"closed","ping_status":"closed","template":"","meta":{"iawp_total_views":138},"_links":{"self":[{"href":"https:\/\/www.simonesimon.com\/portfolio\/wp-json\/wp\/v2\/pages\/16"}],"collection":[{"href":"https:\/\/www.simonesimon.com\/portfolio\/wp-json\/wp\/v2\/pages"}],"about":[{"href":"https:\/\/www.simonesimon.com\/portfolio\/wp-json\/wp\/v2\/types\/page"}],"author":[{"embeddable":true,"href":"https:\/\/www.simonesimon.com\/portfolio\/wp-json\/wp\/v2\/users\/1"}],"replies":[{"embeddable":true,"href":"https:\/\/www.simonesimon.com\/portfolio\/wp-json\/wp\/v2\/comments?post=16"}],"version-history":[{"count":16,"href":"https:\/\/www.simonesimon.com\/portfolio\/wp-json\/wp\/v2\/pages\/16\/revisions"}],"predecessor-version":[{"id":2637,"href":"https:\/\/www.simonesimon.com\/portfolio\/wp-json\/wp\/v2\/pages\/16\/revisions\/2637"}],"wp:attachment":[{"href":"https:\/\/www.simonesimon.com\/portfolio\/wp-json\/wp\/v2\/media?parent=16"}],"curies":[{"name":"wp","href":"https:\/\/api.w.org\/{rel}","templated":true}]}}