{"id":13,"date":"2022-11-25T20:38:24","date_gmt":"2022-11-25T19:38:24","guid":{"rendered":"http:\/\/www.simonesimon.com\/portfolio\/?page_id=13"},"modified":"2023-01-03T18:24:57","modified_gmt":"2023-01-03T17:24:57","slug":"a-propos","status":"publish","type":"page","link":"https:\/\/www.simonesimon.com\/portfolio\/a-propos\/","title":{"rendered":"A propos"},"content":{"rendered":"\n<p class=\"has-black-color has-text-color\" style=\"font-size:14px\">Photographe de m\u00e9tier, Simone Simon d\u00e9veloppe depuis les ann\u00e9es 2000, une pratique artistique m\u00ealant prises de vue, vid\u00e9os, enregistrements sonores et t\u00e9moignages \u00e9crits. Chacun de ses projets est construit de fa\u00e7on pragmatique, pour rendre une r\u00e9alit\u00e9 brute, souvent po\u00e9tique. Ancr\u00e9e dans une d\u00e9marche sociale, elle cherche dans les sujets qu\u2019elle capte un t\u00e9moignage vivant, o\u00f9 l\u2019absence et le temps p\u00e8sent tant\u00f4t comme une menace, tant\u00f4t comme un espoir.<\/p>\n\n\n\n<p class=\"has-black-color has-text-color\" style=\"font-size:14px\">Ainsi, le temps semble s\u2019\u00eatre arr\u00eat\u00e9 lorsqu\u2019elle photographie des quartiers industriels et des infrastructures d\u00e9saffect\u00e9es dans plusieurs villes europ\u00e9ennes, donnant \u00e0 la lumi\u00e8re le premier r\u00f4le (Souriez, on se d\u00e9truit, Ainsi va la lumi\u00e8re). Avec Les portes du St Pierre (\u00e9d. Le Passager Clandestin), elle va \u00e0 la rencontre de femmes dans une banlieue de Nice alors que leur immeuble insalubre, d\u00e9j\u00e0 \u00e0 moiti\u00e9 abandonn\u00e9, s\u2019appr\u00eate \u00e0 \u00eatre d\u00e9truit.<br>Invoquant les souvenirs enfouis de l\u2019enfance, berceau des premi\u00e8res \u00e9motions, elle rassemble des t\u00e9moignages audio, \u00e0 la limite du r\u00eave (Ne regardez pas le renard passer). Avec Nostalgie du pr\u00e9sent, clin d\u2019\u0153il \u00e0 l\u2019univers de Paul Auster, elle met en vis-\u00e0-vis des visages d\u2019enfants et d\u2019adultes : \u00ab Tout est d\u00e9j\u00e0 inscrit dans un visage d\u2019enfant \u00bb<strong>*<\/strong>, constate-t-elle et les doubles portraits qu\u2019elle propose font surgir de fa\u00e7on troublante l\u2019\u00e9tonnante ressemblance d\u2019un visage que le temps ne peut d\u00e9naturer.<\/p>\n\n\n\n<p class=\"has-black-color has-text-color\" style=\"font-size:14px\">Souvent, Simone Simon s\u2019appuie sur la participation d\u2019anonymes (Sur le passage de quelques personnes \u00e0 travers&#8230;) et quelle que soit la probl\u00e9matique pos\u00e9e, les images, r\u00e9cits et t\u00e9moignages parlent un langage commun \u00e0 tous. L\u2019artiste met en relief des images mentales, des convictions, des regrets ou des r\u00eaves, en prenant le temps d\u2019\u00e9couter, avec la volont\u00e9 forte de ne rien mettre en sc\u00e8ne, mais simplement de saisir une r\u00e9alit\u00e9 subjective dans laquelle chacun peut retrouver un peu de soi et de son rapport aux autres. C\u2019est \u00e9galement sa d\u00e9marche lorsqu\u2019elle r\u00e9alise avec Eric Antolinos le film, Boxing-club, tourn\u00e9 dans un club de boxe de la banlieue ni\u00e7oise. L\u00e0, elle laisse la parole libre et s\u2019attarde sur les gestes sportifs et sur les attitudes qui fabriquent le lien entre ces habitants de toutes les g\u00e9n\u00e9rations et de communaut\u00e9s confondues.<br>Dans son travail actuel de photographies et de t\u00e9moignages, CORPS\/VOIX territoire de l&rsquo;intime, elle r\u00e9unit une trentaine de t\u00e9moignages de femmes dans le rapport souvent heurt\u00e9 qu\u2019elles entretiennent avec leur corps. Posant nues dans un cadre qui leur est intime, ces femmes anonymes affirment leur volont\u00e9 de libert\u00e9 : elles s\u2019\u00e9l\u00e8vent contre les diktats culturels et les codes esth\u00e9tiques, souvent ali\u00e9nants.<\/p>\n\n\n\n<p class=\"has-black-color has-text-color\" style=\"font-size:14px\">Sans jamais verser dans le pathos, ni revendiquer un quelconque militantisme, elle \u00e9voque pourtant comment les vies des gens sont touch\u00e9es par les d\u00e9cisions politiques de tous ordres. Bienveillance et lenteur fabriquent cette po\u00e9sie si particuli\u00e8re, o\u00f9 le temps semble suspendu.<\/p>\n\n\n\n<p style=\"font-size:14px\"><strong>Christine Parasote<\/strong><\/p>\n\n\n\n<p class=\"has-black-color has-text-color\" style=\"font-size:14px\">* Paul Auster in L\u2019invention de la solitude, \u00e9d. Actes Sud, 1993<\/p>\n","protected":false},"excerpt":{"rendered":"<p>Photographe de m\u00e9tier, Simone Simon d\u00e9veloppe depuis les ann\u00e9es 2000, une pratique artistique m\u00ealant prises de vue, vid\u00e9os, enregistrements sonores et t\u00e9moignages \u00e9crits. Chacun de ses projets est construit de fa\u00e7on pragmatique, pour rendre une r\u00e9alit\u00e9 brute, souvent po\u00e9tique. Ancr\u00e9e dans une d\u00e9marche sociale, elle cherche dans les sujets qu\u2019elle capte un t\u00e9moignage vivant, o\u00f9 &hellip; <a href=\"https:\/\/www.simonesimon.com\/portfolio\/a-propos\/\" class=\"more-link\"><\/a><\/p>\n","protected":false},"author":1,"featured_media":0,"parent":0,"menu_order":0,"comment_status":"closed","ping_status":"closed","template":"","meta":{"iawp_total_views":87},"_links":{"self":[{"href":"https:\/\/www.simonesimon.com\/portfolio\/wp-json\/wp\/v2\/pages\/13"}],"collection":[{"href":"https:\/\/www.simonesimon.com\/portfolio\/wp-json\/wp\/v2\/pages"}],"about":[{"href":"https:\/\/www.simonesimon.com\/portfolio\/wp-json\/wp\/v2\/types\/page"}],"author":[{"embeddable":true,"href":"https:\/\/www.simonesimon.com\/portfolio\/wp-json\/wp\/v2\/users\/1"}],"replies":[{"embeddable":true,"href":"https:\/\/www.simonesimon.com\/portfolio\/wp-json\/wp\/v2\/comments?post=13"}],"version-history":[{"count":6,"href":"https:\/\/www.simonesimon.com\/portfolio\/wp-json\/wp\/v2\/pages\/13\/revisions"}],"predecessor-version":[{"id":371,"href":"https:\/\/www.simonesimon.com\/portfolio\/wp-json\/wp\/v2\/pages\/13\/revisions\/371"}],"wp:attachment":[{"href":"https:\/\/www.simonesimon.com\/portfolio\/wp-json\/wp\/v2\/media?parent=13"}],"curies":[{"name":"wp","href":"https:\/\/api.w.org\/{rel}","templated":true}]}}